{"id":5502,"date":"2021-10-28T15:28:08","date_gmt":"2021-10-28T15:28:08","guid":{"rendered":"https:\/\/tatataaaaa.com\/newklima\/?page_id=5502"},"modified":"2025-01-09T11:01:13","modified_gmt":"2025-01-09T11:01:13","slug":"cartographie-de-l-adaptation-bassin-loire-bretagne","status":"publish","type":"page","link":"https:\/\/tatataaaaa.com\/newklima\/cartographie-de-l-adaptation-bassin-loire-bretagne\/","title":{"rendered":"Cartographie de l&rsquo;adaptation sur le bassin Loire Bretagne"},"content":{"rendered":"\n<p>A travers ce travail de rep\u00e9rage de projets sur le bassin Loire Bretagne, nous avons voulu proposer une nouvelle cartographie de ce qui fait adaptation sur un territoire donn\u00e9. <\/p>\n\n\n\n<p>Nous avons ainsi cherch\u00e9 des projets et des acteurs \u00e0 travers plusieurs disciplines (sciences, \u00e9cologie, paysage, mani\u00e8res d&rsquo;habiter les territoires, architecture, arts, philosophie, actions collectives, etc.), de m\u00eame que plusieurs modes d\u2019action (projet de recherche, projet de territoire, gouvernance, mise en r\u00e9seau, lutte, cr\u00e9ations artistiques, projets associatifs, etc.) et \u00e0 travers diff\u00e9rents types de milieux g\u00e9ographiques (milieu maritime, saum\u00e2tre, terrestre ou insulaire, etc.). <\/p>\n","protected":false},"excerpt":{"rendered":"<p>A travers ce travail de rep\u00e9rage de projets sur le bassin Loire Bretagne, nous avons voulu proposer une nouvelle cartographie de ce qui fait adaptation sur un territoire donn\u00e9. <\/p>\n","protected":false},"author":21,"featured_media":7644,"parent":0,"menu_order":0,"comment_status":"closed","ping_status":"closed","template":"page-bretagneatlas_all.php","meta":{"footnotes":""},"class_list":["post-5502","page","type-page","status-publish","has-post-thumbnail","hentry"],"yoast_head":"<!-- This site is optimized with the Yoast SEO plugin v24.2 - https:\/\/yoast.com\/wordpress\/plugins\/seo\/ -->\n<title>Cartographie de l&#039;adaptation sur le bassin Loire Bretagne<\/title>\n<meta name=\"robots\" content=\"index, follow, max-snippet:-1, max-image-preview:large, max-video-preview:-1\" \/>\n<link rel=\"canonical\" href=\"https:\/\/tatataaaaa.com\/newklima\/cartographie-de-l-adaptation-bassin-loire-bretagne\/\" \/>\n<meta property=\"og:locale\" content=\"fr_FR\" \/>\n<meta property=\"og:type\" content=\"article\" \/>\n<meta property=\"og:title\" content=\"Cartographie de l&#039;adaptation sur le bassin Loire Bretagne\" \/>\n<meta property=\"og:description\" content=\"A travers ce travail de rep\u00e9rage de projets sur le bassin Loire Bretagne, nous avons voulu proposer une nouvelle cartographie de ce qui fait adaptation sur un territoire donn\u00e9.\" \/>\n<meta property=\"og:url\" content=\"https:\/\/tatataaaaa.com\/newklima\/cartographie-de-l-adaptation-bassin-loire-bretagne\/\" \/>\n<meta property=\"og:site_name\" content=\"Atelier Klima\" \/>\n<meta property=\"article:modified_time\" content=\"2025-01-09T11:01:13+00:00\" \/>\n<meta property=\"og:image\" content=\"https:\/\/tatataaaaa.com\/newklima\/wp-content\/uploads\/2024\/02\/Capture-d\u2019e\u0301cran-2021-11-23-a\u0300-21.24.54.png\" \/>\n\t<meta property=\"og:image:width\" content=\"1806\" \/>\n\t<meta property=\"og:image:height\" content=\"880\" \/>\n\t<meta property=\"og:image:type\" content=\"image\/png\" \/>\n<meta name=\"twitter:card\" content=\"summary_large_image\" \/>\n<meta name=\"twitter:site\" content=\"@Klima_ONG\" \/>\n<script type=\"application\/ld+json\" class=\"yoast-schema-graph\">{\"@context\":\"https:\/\/schema.org\",\"@graph\":[{\"@type\":\"WebPage\",\"@id\":\"https:\/\/tatataaaaa.com\/newklima\/cartographie-de-l-adaptation-bassin-loire-bretagne\/\",\"url\":\"https:\/\/tatataaaaa.com\/newklima\/cartographie-de-l-adaptation-bassin-loire-bretagne\/\",\"name\":\"Cartographie de l'adaptation sur le bassin Loire Bretagne\",\"isPartOf\":{\"@id\":\"https:\/\/tatataaaaa.com\/newklima\/#website\"},\"primaryImageOfPage\":{\"@id\":\"https:\/\/tatataaaaa.com\/newklima\/cartographie-de-l-adaptation-bassin-loire-bretagne\/#primaryimage\"},\"image\":{\"@id\":\"https:\/\/tatataaaaa.com\/newklima\/cartographie-de-l-adaptation-bassin-loire-bretagne\/#primaryimage\"},\"thumbnailUrl\":\"https:\/\/tatataaaaa.com\/newklima\/wp-content\/uploads\/2024\/02\/Capture-d\u2019e\u0301cran-2021-11-23-a\u0300-21.24.54.png\",\"datePublished\":\"2021-10-28T15:28:08+00:00\",\"dateModified\":\"2025-01-09T11:01:13+00:00\",\"breadcrumb\":{\"@id\":\"https:\/\/tatataaaaa.com\/newklima\/cartographie-de-l-adaptation-bassin-loire-bretagne\/#breadcrumb\"},\"inLanguage\":\"fr-FR\",\"potentialAction\":[{\"@type\":\"ReadAction\",\"target\":[\"https:\/\/tatataaaaa.com\/newklima\/cartographie-de-l-adaptation-bassin-loire-bretagne\/\"]}]},{\"@type\":\"ImageObject\",\"inLanguage\":\"fr-FR\",\"@id\":\"https:\/\/tatataaaaa.com\/newklima\/cartographie-de-l-adaptation-bassin-loire-bretagne\/#primaryimage\",\"url\":\"https:\/\/tatataaaaa.com\/newklima\/wp-content\/uploads\/2024\/02\/Capture-d\u2019e\u0301cran-2021-11-23-a\u0300-21.24.54.png\",\"contentUrl\":\"https:\/\/tatataaaaa.com\/newklima\/wp-content\/uploads\/2024\/02\/Capture-d\u2019e\u0301cran-2021-11-23-a\u0300-21.24.54.png\",\"width\":1806,\"height\":880},{\"@type\":\"BreadcrumbList\",\"@id\":\"https:\/\/tatataaaaa.com\/newklima\/cartographie-de-l-adaptation-bassin-loire-bretagne\/#breadcrumb\",\"itemListElement\":[{\"@type\":\"ListItem\",\"position\":1,\"name\":\"Home\",\"item\":\"https:\/\/tatataaaaa.com\/newklima\/\"},{\"@type\":\"ListItem\",\"position\":2,\"name\":\"Cartographie de l&rsquo;adaptation sur le bassin Loire Bretagne\"}]},{\"@type\":\"WebSite\",\"@id\":\"https:\/\/tatataaaaa.com\/newklima\/#website\",\"url\":\"https:\/\/tatataaaaa.com\/newklima\/\",\"name\":\"Atelier Klima\",\"description\":\"Adaptation littorale au changement climatique\",\"publisher\":{\"@id\":\"https:\/\/tatataaaaa.com\/newklima\/#organization\"},\"potentialAction\":[{\"@type\":\"SearchAction\",\"target\":{\"@type\":\"EntryPoint\",\"urlTemplate\":\"https:\/\/tatataaaaa.com\/newklima\/?s={search_term_string}\"},\"query-input\":{\"@type\":\"PropertyValueSpecification\",\"valueRequired\":true,\"valueName\":\"search_term_string\"}}],\"inLanguage\":\"fr-FR\"},{\"@type\":\"Organization\",\"@id\":\"https:\/\/tatataaaaa.com\/newklima\/#organization\",\"name\":\"Atelier Klima\",\"url\":\"https:\/\/tatataaaaa.com\/newklima\/\",\"logo\":{\"@type\":\"ImageObject\",\"inLanguage\":\"fr-FR\",\"@id\":\"https:\/\/tatataaaaa.com\/newklima\/#\/schema\/logo\/image\/\",\"url\":\"https:\/\/tatataaaaa.com\/newklima\/wp-content\/uploads\/2019\/03\/klima-ong-favicon.gif\",\"contentUrl\":\"https:\/\/tatataaaaa.com\/newklima\/wp-content\/uploads\/2019\/03\/klima-ong-favicon.gif\",\"width\":512,\"height\":512,\"caption\":\"Atelier Klima\"},\"image\":{\"@id\":\"https:\/\/tatataaaaa.com\/newklima\/#\/schema\/logo\/image\/\"},\"sameAs\":[\"https:\/\/x.com\/Klima_ONG\",\"https:\/\/www.instagram.com\/sophiedulau\/\"]}]}<\/script>\n<!-- \/ Yoast SEO plugin. -->","yoast_head_json":{"title":"Cartographie de l'adaptation sur le bassin Loire Bretagne","robots":{"index":"index","follow":"follow","max-snippet":"max-snippet:-1","max-image-preview":"max-image-preview:large","max-video-preview":"max-video-preview:-1"},"canonical":"https:\/\/tatataaaaa.com\/newklima\/cartographie-de-l-adaptation-bassin-loire-bretagne\/","og_locale":"fr_FR","og_type":"article","og_title":"Cartographie de l'adaptation sur le bassin Loire Bretagne","og_description":"A travers ce travail de rep\u00e9rage de projets sur le bassin Loire Bretagne, nous avons voulu proposer une nouvelle cartographie de ce qui fait adaptation sur un territoire donn\u00e9.","og_url":"https:\/\/tatataaaaa.com\/newklima\/cartographie-de-l-adaptation-bassin-loire-bretagne\/","og_site_name":"Atelier Klima","article_modified_time":"2025-01-09T11:01:13+00:00","og_image":[{"width":1806,"height":880,"url":"https:\/\/tatataaaaa.com\/newklima\/wp-content\/uploads\/2024\/02\/Capture-d\u2019e\u0301cran-2021-11-23-a\u0300-21.24.54.png","type":"image\/png"}],"twitter_card":"summary_large_image","twitter_site":"@Klima_ONG","schema":{"@context":"https:\/\/schema.org","@graph":[{"@type":"WebPage","@id":"https:\/\/tatataaaaa.com\/newklima\/cartographie-de-l-adaptation-bassin-loire-bretagne\/","url":"https:\/\/tatataaaaa.com\/newklima\/cartographie-de-l-adaptation-bassin-loire-bretagne\/","name":"Cartographie de l'adaptation sur le bassin Loire Bretagne","isPartOf":{"@id":"https:\/\/tatataaaaa.com\/newklima\/#website"},"primaryImageOfPage":{"@id":"https:\/\/tatataaaaa.com\/newklima\/cartographie-de-l-adaptation-bassin-loire-bretagne\/#primaryimage"},"image":{"@id":"https:\/\/tatataaaaa.com\/newklima\/cartographie-de-l-adaptation-bassin-loire-bretagne\/#primaryimage"},"thumbnailUrl":"https:\/\/tatataaaaa.com\/newklima\/wp-content\/uploads\/2024\/02\/Capture-d\u2019e\u0301cran-2021-11-23-a\u0300-21.24.54.png","datePublished":"2021-10-28T15:28:08+00:00","dateModified":"2025-01-09T11:01:13+00:00","breadcrumb":{"@id":"https:\/\/tatataaaaa.com\/newklima\/cartographie-de-l-adaptation-bassin-loire-bretagne\/#breadcrumb"},"inLanguage":"fr-FR","potentialAction":[{"@type":"ReadAction","target":["https:\/\/tatataaaaa.com\/newklima\/cartographie-de-l-adaptation-bassin-loire-bretagne\/"]}]},{"@type":"ImageObject","inLanguage":"fr-FR","@id":"https:\/\/tatataaaaa.com\/newklima\/cartographie-de-l-adaptation-bassin-loire-bretagne\/#primaryimage","url":"https:\/\/tatataaaaa.com\/newklima\/wp-content\/uploads\/2024\/02\/Capture-d\u2019e\u0301cran-2021-11-23-a\u0300-21.24.54.png","contentUrl":"https:\/\/tatataaaaa.com\/newklima\/wp-content\/uploads\/2024\/02\/Capture-d\u2019e\u0301cran-2021-11-23-a\u0300-21.24.54.png","width":1806,"height":880},{"@type":"BreadcrumbList","@id":"https:\/\/tatataaaaa.com\/newklima\/cartographie-de-l-adaptation-bassin-loire-bretagne\/#breadcrumb","itemListElement":[{"@type":"ListItem","position":1,"name":"Home","item":"https:\/\/tatataaaaa.com\/newklima\/"},{"@type":"ListItem","position":2,"name":"Cartographie de l&rsquo;adaptation sur le bassin Loire Bretagne"}]},{"@type":"WebSite","@id":"https:\/\/tatataaaaa.com\/newklima\/#website","url":"https:\/\/tatataaaaa.com\/newklima\/","name":"Atelier Klima","description":"Adaptation littorale au changement climatique","publisher":{"@id":"https:\/\/tatataaaaa.com\/newklima\/#organization"},"potentialAction":[{"@type":"SearchAction","target":{"@type":"EntryPoint","urlTemplate":"https:\/\/tatataaaaa.com\/newklima\/?s={search_term_string}"},"query-input":{"@type":"PropertyValueSpecification","valueRequired":true,"valueName":"search_term_string"}}],"inLanguage":"fr-FR"},{"@type":"Organization","@id":"https:\/\/tatataaaaa.com\/newklima\/#organization","name":"Atelier Klima","url":"https:\/\/tatataaaaa.com\/newklima\/","logo":{"@type":"ImageObject","inLanguage":"fr-FR","@id":"https:\/\/tatataaaaa.com\/newklima\/#\/schema\/logo\/image\/","url":"https:\/\/tatataaaaa.com\/newklima\/wp-content\/uploads\/2019\/03\/klima-ong-favicon.gif","contentUrl":"https:\/\/tatataaaaa.com\/newklima\/wp-content\/uploads\/2019\/03\/klima-ong-favicon.gif","width":512,"height":512,"caption":"Atelier Klima"},"image":{"@id":"https:\/\/tatataaaaa.com\/newklima\/#\/schema\/logo\/image\/"},"sameAs":["https:\/\/x.com\/Klima_ONG","https:\/\/www.instagram.com\/sophiedulau\/"]}]}},"_links":{"self":[{"href":"https:\/\/tatataaaaa.com\/newklima\/wp-json\/wp\/v2\/pages\/5502","targetHints":{"allow":["GET"]}}],"collection":[{"href":"https:\/\/tatataaaaa.com\/newklima\/wp-json\/wp\/v2\/pages"}],"about":[{"href":"https:\/\/tatataaaaa.com\/newklima\/wp-json\/wp\/v2\/types\/page"}],"author":[{"embeddable":true,"href":"https:\/\/tatataaaaa.com\/newklima\/wp-json\/wp\/v2\/users\/21"}],"replies":[{"embeddable":true,"href":"https:\/\/tatataaaaa.com\/newklima\/wp-json\/wp\/v2\/comments?post=5502"}],"version-history":[{"count":32,"href":"https:\/\/tatataaaaa.com\/newklima\/wp-json\/wp\/v2\/pages\/5502\/revisions"}],"predecessor-version":[{"id":7854,"href":"https:\/\/tatataaaaa.com\/newklima\/wp-json\/wp\/v2\/pages\/5502\/revisions\/7854"}],"wp:featuredmedia":[{"embeddable":true,"href":"https:\/\/tatataaaaa.com\/newklima\/wp-json\/wp\/v2\/media\/7644"}],"wp:attachment":[{"href":"https:\/\/tatataaaaa.com\/newklima\/wp-json\/wp\/v2\/media?parent=5502"}],"curies":[{"name":"wp","href":"https:\/\/api.w.org\/{rel}","templated":true}]}}